{"id":130,"date":"2019-09-12T20:17:56","date_gmt":"2019-09-12T18:17:56","guid":{"rendered":"https:\/\/spotconcept.de\/kunden\/www.gambero-rosso.eu\/?page_id=130"},"modified":"2026-04-18T14:55:01","modified_gmt":"2026-04-18T12:55:01","slug":"events","status":"publish","type":"page","link":"https:\/\/gambero-rosso.eu\/site\/events\/","title":{"rendered":"Events"},"content":{"rendered":"\n<style type=\"text\/css\" data-created_by=\"avia_inline_auto\" id=\"style-css-av-164da-5ab1f09c73655c0c569066a9c0d5ad35\">\n.avia-section.av-164da-5ab1f09c73655c0c569066a9c0d5ad35 .av-parallax .av-parallax-inner{\nbackground-color:#000000;\nbackground-image:url(https:\/\/gambero-rosso.eu\/site\/wp-content\/uploads\/2019\/10\/events-bg.jpg);\nbackground-repeat:no-repeat;\nbackground-position:50% 50%;\nbackground-attachment:scroll;\n}\n.avia-section.av-164da-5ab1f09c73655c0c569066a9c0d5ad35 .av-section-color-overlay{\nopacity:0.1;\n}\n<\/style>\n<div id='av_section_1'  class='avia-section av-164da-5ab1f09c73655c0c569066a9c0d5ad35 main_color avia-section-default avia-no-border-styling  avia-builder-el-0  el_before_av_section  avia-builder-el-first  main-background avia-full-stretch av-parallax-section avia-bg-style-parallax av-section-color-overlay-active container_wrap fullsize'  data-section-bg-repeat='stretch'><div class='av-parallax' data-avia-parallax-ratio='0.3' ><div class='av-parallax-inner main_color avia-full-stretch'><\/div><\/div><div class=\"av-section-color-overlay-wrap\"><div class=\"av-section-color-overlay\"><\/div><div class='container av-section-cont-open' ><main  role=\"main\" itemprop=\"mainContentOfPage\"  class='template-page content  av-content-full alpha units'><div class='post-entry post-entry-type-page post-entry-130'><div class='entry-content-wrapper clearfix'>\n\n<style type=\"text\/css\" data-created_by=\"avia_inline_auto\" id=\"style-css-av-k0gqgwri-df6291d66d24d52619b3460b6e4c3ee4\">\n#top .hr.hr-invisible.av-k0gqgwri-df6291d66d24d52619b3460b6e4c3ee4{\nheight:350px;\n}\n<\/style>\n<div  class='hr av-k0gqgwri-df6291d66d24d52619b3460b6e4c3ee4 hr-invisible  avia-builder-el-1  el_before_av_one_fourth  avia-builder-el-first '><span class='hr-inner '><span class=\"hr-inner-style\"><\/span><\/span><\/div>\n\n<style type=\"text\/css\" data-created_by=\"avia_inline_auto\" id=\"style-css-av-cyb59-8a63c0425899b4fe07b618ab92940696\">\n.flex_column.av-cyb59-8a63c0425899b4fe07b618ab92940696{\n-webkit-border-radius:0px 0px 0px 0px;\n-moz-border-radius:0px 0px 0px 0px;\nborder-radius:0px 0px 0px 0px;\npadding:0px 0px 0px 0px;\n}\n<\/style>\n<div class='flex_column av-cyb59-8a63c0425899b4fe07b618ab92940696 av_one_fourth  avia-builder-el-2  el_after_av_hr  el_before_av_one_half  first flex_column_div av-zero-column-padding '     ><\/div>\n<style type=\"text\/css\" data-created_by=\"avia_inline_auto\" id=\"style-css-av-k0gqihzw-54af20adab1caaf7dd7405c7fdbe4d63\">\n.flex_column.av-k0gqihzw-54af20adab1caaf7dd7405c7fdbe4d63{\n-webkit-border-radius:0px 0px 0px 0px;\n-moz-border-radius:0px 0px 0px 0px;\nborder-radius:0px 0px 0px 0px;\npadding:0px 0px 0px 0px;\n}\n<\/style>\n<div class='flex_column av-k0gqihzw-54af20adab1caaf7dd7405c7fdbe4d63 av_one_half  avia-builder-el-3  el_after_av_one_fourth  el_before_av_one_fourth  main-inhalt flex_column_div av-zero-column-padding avia-full-stretch '     ><style type=\"text\/css\" data-created_by=\"avia_inline_auto\" id=\"style-css-av-9qp3m-a385e123faaadf465006bbd56f1ccd5a\">\n#top .av-special-heading.av-9qp3m-a385e123faaadf465006bbd56f1ccd5a{\npadding-bottom:10px;\n}\nbody .av-special-heading.av-9qp3m-a385e123faaadf465006bbd56f1ccd5a .av-special-heading-tag .heading-char{\nfont-size:25px;\n}\n.av-special-heading.av-9qp3m-a385e123faaadf465006bbd56f1ccd5a .av-subheading{\nfont-size:15px;\n}\n<\/style>\n<div  class='av-special-heading av-9qp3m-a385e123faaadf465006bbd56f1ccd5a av-special-heading-h1 blockquote modern-quote modern-centered  avia-builder-el-4  avia-builder-el-no-sibling '><h1 class='av-special-heading-tag'  itemprop=\"headline\"  >Events<\/h1><div class=\"special-heading-border\"><div class=\"special-heading-inner-border\"><\/div><\/div><\/div><\/div>\n<style type=\"text\/css\" data-created_by=\"avia_inline_auto\" id=\"style-css-av-cyb59-58-2ae7ebca30bc53701c4d27b1925e3c46\">\n.flex_column.av-cyb59-58-2ae7ebca30bc53701c4d27b1925e3c46{\n-webkit-border-radius:0px 0px 0px 0px;\n-moz-border-radius:0px 0px 0px 0px;\nborder-radius:0px 0px 0px 0px;\npadding:0px 0px 0px 0px;\n}\n<\/style>\n<div class='flex_column av-cyb59-58-2ae7ebca30bc53701c4d27b1925e3c46 av_one_fourth  avia-builder-el-5  el_after_av_one_half  el_before_av_two_fifth  flex_column_div av-zero-column-padding '     ><\/div>\n<style type=\"text\/css\" data-created_by=\"avia_inline_auto\" id=\"style-css-av-cyb59-57-c5ca8ef8384772b6e632dcd0b2de227b\">\n.flex_column.av-cyb59-57-c5ca8ef8384772b6e632dcd0b2de227b{\n-webkit-border-radius:0px 0px 0px 0px;\n-moz-border-radius:0px 0px 0px 0px;\nborder-radius:0px 0px 0px 0px;\npadding:0px 0px 0px 0px;\n}\n<\/style>\n<div class='flex_column av-cyb59-57-c5ca8ef8384772b6e632dcd0b2de227b av_two_fifth  avia-builder-el-6  el_after_av_one_fourth  el_before_av_one_fifth  first flex_column_div av-zero-column-padding column-top-margin'     ><\/div>\n<style type=\"text\/css\" data-created_by=\"avia_inline_auto\" id=\"style-css-av-cyb59-56-05ce91815a8b5a4cbecf7c94c56ee08a\">\n.flex_column.av-cyb59-56-05ce91815a8b5a4cbecf7c94c56ee08a{\n-webkit-border-radius:0px 0px 0px 0px;\n-moz-border-radius:0px 0px 0px 0px;\nborder-radius:0px 0px 0px 0px;\npadding:0px 0px 0px 0px;\n}\n<\/style>\n<div class='flex_column av-cyb59-56-05ce91815a8b5a4cbecf7c94c56ee08a av_one_fifth  avia-builder-el-7  el_after_av_two_fifth  el_before_av_two_fifth  headline-underline flex_column_div av-zero-column-padding column-top-margin'     ><div  class='hr av-bw8rx-69c77b1ff2e911cf89a2da0e1d9a8dcc hr-short  avia-builder-el-8  avia-builder-el-no-sibling  hr-center'><span class='hr-inner '><span class=\"hr-inner-style\"><\/span><\/span><\/div><\/div>\n<style type=\"text\/css\" data-created_by=\"avia_inline_auto\" id=\"style-css-av-cyb59-55-936ff7049534362f4f67f771350ed5ea\">\n.flex_column.av-cyb59-55-936ff7049534362f4f67f771350ed5ea{\n-webkit-border-radius:0px 0px 0px 0px;\n-moz-border-radius:0px 0px 0px 0px;\nborder-radius:0px 0px 0px 0px;\npadding:0px 0px 0px 0px;\n}\n<\/style>\n<div class='flex_column av-cyb59-55-936ff7049534362f4f67f771350ed5ea av_two_fifth  avia-builder-el-9  el_after_av_one_fifth  el_before_av_hr  flex_column_div av-zero-column-padding column-top-margin'     ><\/div>\n<style type=\"text\/css\" data-created_by=\"avia_inline_auto\" id=\"style-css-av-k0gqgwri-59-0ee92573e33d801bf1c9badead2d4f31\">\n#top .hr.hr-invisible.av-k0gqgwri-59-0ee92573e33d801bf1c9badead2d4f31{\nheight:250px;\n}\n<\/style>\n<div  class='hr av-k0gqgwri-59-0ee92573e33d801bf1c9badead2d4f31 hr-invisible  avia-builder-el-10  el_after_av_two_fifth  avia-builder-el-last '><span class='hr-inner '><span class=\"hr-inner-style\"><\/span><\/span><\/div>\n\n<\/div><\/div><\/main><!-- close content main element --><\/div><\/div><\/div><div id='av_section_2'  class='avia-section av-39hka-85e4475922a657d7f244984980b21d3e main_color avia-section-default avia-no-border-styling  avia-builder-el-11  el_after_av_section  el_before_av_section  avia-bg-style-scroll container_wrap fullsize'  ><div class='container av-section-cont-open' ><div class='template-page content  av-content-full alpha units'><div class='post-entry post-entry-type-page post-entry-130'><div class='entry-content-wrapper clearfix'>\n\n<style type=\"text\/css\" data-created_by=\"avia_inline_auto\" id=\"style-css-av-2x59u-e52e4db55e69b73d937e6ce2fb552f6b\">\n.flex_column.av-2x59u-e52e4db55e69b73d937e6ce2fb552f6b{\n-webkit-border-radius:0px 0px 0px 0px;\n-moz-border-radius:0px 0px 0px 0px;\nborder-radius:0px 0px 0px 0px;\npadding:0px 0px 0px 0px;\n}\n<\/style>\n<div class='flex_column av-2x59u-e52e4db55e69b73d937e6ce2fb552f6b av_one_fifth  avia-builder-el-12  el_before_av_three_fifth  avia-builder-el-first  first flex_column_div av-zero-column-padding '     ><\/div>\n<style type=\"text\/css\" data-created_by=\"avia_inline_auto\" id=\"style-css-av-1xk3m-e524e36f3d7591c7dfed5c66415838fe\">\n.flex_column.av-1xk3m-e524e36f3d7591c7dfed5c66415838fe{\n-webkit-border-radius:0px 0px 0px 0px;\n-moz-border-radius:0px 0px 0px 0px;\nborder-radius:0px 0px 0px 0px;\npadding:0px 0px 0px 0px;\n}\n<\/style>\n<div class='flex_column av-1xk3m-e524e36f3d7591c7dfed5c66415838fe av_three_fifth  avia-builder-el-13  el_after_av_one_fifth  el_before_av_one_fifth  flex_column_div av-zero-column-padding '     ><div class='avia-data-table-wrap av-26fywq-1bbbc0f12ca72feb00c888c90af2b118 avia_responsive_table avia-table-1'><table  class='avia-table avia-data-table avia_pricing_default  avia-builder-el-14  avia-builder-el-no-sibling  kalender'  itemscope=\"itemscope\" itemtype=\"https:\/\/schema.org\/Table\" ><tbody><tr class=''><td class='avia-center-col'><span class=\"kalender-monat\"><i>Sonder\u00f6ffnungszeiten 2026<\/i><\/span><\/td><td class='avia-center-col'>An diesen Tagen haben wir geschlossen<\/td><td class='avia-center-col'>Betriebsferien:<br \/>\n5.04.26-14.04.26<br \/>\n<\/td><\/tr><tr class=''><td class='avia-center-col'><span class=\"kalender-monat\"><i>April<\/i><\/span><\/td><td class='avia-center-col'>Franciacorta incontra l\u2019Etna \u2013 Zwei Welten, ein Abend<br \/>\nSonntag, 26.04.2026 \u00b7 Beginn 18:30 Uhr<\/td><td class='avia-center-col'>Das Men\u00fc<\/p>\n<p>APERITIVO<br \/>\nStuzzichini | Oliven\u00f6l vom \u00c4tna | hausgemachte Dinkelbr\u00f6tchen<\/p>\n<p>TAVOLOZZO<br \/>\nNicht nur San Daniele Schinken I verschiedene K\u00f6stlichkeiten aus dem Friaul<\/p>\n<p>GIRO D\u2019ITALIA<br \/>\nFregula | B\u00fcffelmozzarella | Bio-Tomaten | Basilikum-Pesto<\/p>\n<p>SPADA<br \/>\nSchwertfisch I auf dem Big Green Egg gegrillt I sizilianisches s\u00fc\u00df sauer Gem\u00fcse<\/p>\n<p>SORBETTO<br \/>\nHausgemachtes Erdbeersorbet<\/p>\n<p>Weinbegleitung<\/p>\n<p>Eine Reise zwischen Eleganz und Vulkan:<\/p>\n<p>\u2022 Emozione Brut \u2013 Lombardei<br \/>\n\u2022 Cantata \u2013 \u00c4tna, Sizilien<br \/>\n\u2022 Pittimusa \u2013 \u00c4tna, Sizilien<br \/>\n\u2022 Etna Rosso \u2013 \u00c4tna, Sizilien<br \/>\n\u2022 Bok\u00e8 Ros\u00e9 Brut \u2013 Lombardei<\/p>\n<p>Men\u00fc: 70 \u20ac pro Person<br \/>\nWeinbegleitung: 50 \u20ac pro Person<br \/>\n(jeweils exklusive weiterer Getr\u00e4nke)<\/td><\/tr><tr class=''><td class='avia-center-col'><span class=\"kalender-monat\"><i>Mai<\/i><\/span><\/td><td class='avia-center-col'><\/td><td class='avia-center-col'><\/td><\/tr><tr class=''><td class='avia-center-col'><span class=\"kalender-monat\"><i>Juni<\/i><\/span><\/td><td class='avia-center-col'>Freundschaft aus Stahl \u2013 Ein Abend, der verbindet<br \/>\nSonntag, 28.06.2026 \u00b7 Beginn 18:30 Uhr<\/td><td class='avia-center-col'>Das Men\u00fc<\/p>\n<p>APERITIVO<br \/>\nStuzzichini | Oliven\u00f6l vom \u00c4tna | hausgemachte Dinkelbr\u00f6tchen<\/p>\n<p>CARPACCIO DI POLPO<br \/>\nOktopus-Carpaccio | Zitronen-Oliven\u00f6l<\/p>\n<p>MALTAGLIATA ALLA NORMA<br \/>\nHausgemachte Pasta | Aubergine | Bio-Tomaten | Ricotta<\/p>\n<p>IBERICO BELLOTA<br \/>\nIberico-Schweiner\u00fccken vom Big Green Egg | hausgemachte Mayonnaise | Kartoffelt\u00f6rtchen<\/p>\n<p>ZABAGLIONE<br \/>\nHausgemachtes Sabayon<\/p>\n<p>Die Weine von Christian Stahl<\/p>\n<p>\u2022 Blanc de Blancs Sekt 2022<br \/>\n\u2022 Sauvignon Blanc 2022<br \/>\n\u2022 Silvaner Sonnenstuhl 2024<br \/>\n\u2022 Cabernet Franc 2024<br \/>\n\u2022 Blanc de Noirs demi sec 2022<\/p>\n<p>Preis: 140 \u20ac pro Person<br \/>\ninklusive Weinbegleitung und Getr\u00e4nke<\/td><\/tr><tr class=''><td class='avia-center-col'><span class=\"kalender-monat\"><i>Juli<\/i><\/span><\/td><td class='avia-center-col'>Menu Prosecco am Donnerstag, den 30.07.26 ab 18:30 Uhr<\/td><td class='avia-center-col'>APERITIVO<br \/>\nStuzzichini I Olio d\u2019oliva dell\u2019Etna I Pane fatto in casa<br \/>\nGru\u00df aus der K\u00fcche I Oliven\u00f6l aus Sizilien I hausgemachte Dineklmehlbr\u00f6tchen<\/p>\n<p>CARPACCIO DI TONNO<br \/>\nCarpaccio I tonno pinna gialla I Avocado I Melanzana<br \/>\nYellowfin Thunfisch I hauchd\u00fcnn I Avocado I Aubergine<\/p>\n<p>ORE DI MARE<br \/>\nPrimo I al Prosecco I Frutti di mare I Cipolle candite<br \/>\nErster Gang I Prosecco I Meeresfr\u00fcchte I kandierte Zwiebel<\/p>\n<p>POLPOSITION<br \/>\nPolpo I griglia I Caponata<br \/>\nOktopus I vom Grill I sizilianisches s\u00fc\u00df-sauer Gem\u00fcse<\/p>\n<p>SORBETTO BELLINI<br \/>\nPesca I Prosecco<br \/>\nPfirsich I Prosecco I Sorbet<\/p>\n<p>Men\u00fc: 150\u20ac p\/P all inklusive (Getr\u00e4nke + Proseccodegustation)<br \/>\n<\/td><\/tr><\/tbody><\/table><\/div><\/div>\n<style type=\"text\/css\" data-created_by=\"avia_inline_auto\" id=\"style-css-av-vsx2-771cf20346da902128981ef73c8869ad\">\n.flex_column.av-vsx2-771cf20346da902128981ef73c8869ad{\n-webkit-border-radius:0px 0px 0px 0px;\n-moz-border-radius:0px 0px 0px 0px;\nborder-radius:0px 0px 0px 0px;\npadding:0px 0px 0px 0px;\n}\n<\/style>\n<div class='flex_column av-vsx2-771cf20346da902128981ef73c8869ad av_one_fifth  avia-builder-el-15  el_after_av_three_fifth  avia-builder-el-last  flex_column_div av-zero-column-padding '     ><\/div><\/div><\/div><\/div><!-- close content main div --><\/div><\/div><div id='av_section_3'  class='avia-section av-39hka-54-56d5e3227acefb484dee2d5e3bfdb0eb main_color avia-section-default avia-no-border-styling  avia-builder-el-16  el_after_av_section  avia-builder-el-last  main-maps avia-bg-style-scroll container_wrap fullsize'  ><div class='container av-section-cont-open' ><div class='template-page content  av-content-full alpha units'><div class='post-entry post-entry-type-page post-entry-130'><div class='entry-content-wrapper clearfix'>\n\n<style type=\"text\/css\" data-created_by=\"avia_inline_auto\" id=\"style-css-av-1xk3m-53-4cd69daaf21489675ad98bb35a9ee6a8\">\n.flex_column.av-1xk3m-53-4cd69daaf21489675ad98bb35a9ee6a8{\n-webkit-border-radius:0px 0px 0px 0px;\n-moz-border-radius:0px 0px 0px 0px;\nborder-radius:0px 0px 0px 0px;\npadding:0px 0px 0px 0px;\n}\n<\/style>\n<div class='flex_column av-1xk3m-53-4cd69daaf21489675ad98bb35a9ee6a8 av_one_full  avia-builder-el-17  avia-builder-el-no-sibling  first flex_column_div av-zero-column-padding '     ><\/div>\n<\/p>\n","protected":false},"excerpt":{"rendered":"","protected":false},"author":1,"featured_media":0,"parent":0,"menu_order":0,"comment_status":"closed","ping_status":"closed","template":"","meta":{"footnotes":""},"yoast_head":"<!-- This site is optimized with the Yoast SEO plugin v22.5 - https:\/\/yoast.com\/wordpress\/plugins\/seo\/ -->\n<title>Events - Domenico Gambero Rosso<\/title>\n<meta name=\"robots\" content=\"index, follow, max-snippet:-1, max-image-preview:large, max-video-preview:-1\" \/>\n<link rel=\"canonical\" href=\"https:\/\/gambero-rosso.eu\/site\/events\/\" \/>\n<meta property=\"og:locale\" content=\"de_DE\" \/>\n<meta property=\"og:type\" content=\"article\" \/>\n<meta property=\"og:title\" content=\"Events - Domenico Gambero Rosso\" \/>\n<meta property=\"og:url\" content=\"https:\/\/gambero-rosso.eu\/site\/events\/\" \/>\n<meta property=\"og:site_name\" content=\"Domenico Gambero Rosso\" \/>\n<meta property=\"article:modified_time\" content=\"2026-04-18T12:55:01+00:00\" \/>\n<meta name=\"twitter:card\" content=\"summary_large_image\" \/>\n<meta name=\"twitter:label1\" content=\"Gesch\u00e4tzte Lesezeit\" \/>\n\t<meta name=\"twitter:data1\" content=\"2\u00a0Minuten\" \/>\n<script type=\"application\/ld+json\" class=\"yoast-schema-graph\">{\"@context\":\"https:\/\/schema.org\",\"@graph\":[{\"@type\":\"WebPage\",\"@id\":\"https:\/\/gambero-rosso.eu\/site\/events\/\",\"url\":\"https:\/\/gambero-rosso.eu\/site\/events\/\",\"name\":\"Events - Domenico Gambero Rosso\",\"isPartOf\":{\"@id\":\"https:\/\/gambero-rosso.eu\/site\/#website\"},\"datePublished\":\"2019-09-12T18:17:56+00:00\",\"dateModified\":\"2026-04-18T12:55:01+00:00\",\"breadcrumb\":{\"@id\":\"https:\/\/gambero-rosso.eu\/site\/events\/#breadcrumb\"},\"inLanguage\":\"de\",\"potentialAction\":[{\"@type\":\"ReadAction\",\"target\":[\"https:\/\/gambero-rosso.eu\/site\/events\/\"]}]},{\"@type\":\"BreadcrumbList\",\"@id\":\"https:\/\/gambero-rosso.eu\/site\/events\/#breadcrumb\",\"itemListElement\":[{\"@type\":\"ListItem\",\"position\":1,\"name\":\"Startseite\",\"item\":\"https:\/\/gambero-rosso.eu\/site\/startseite\/\"},{\"@type\":\"ListItem\",\"position\":2,\"name\":\"Events\"}]},{\"@type\":\"WebSite\",\"@id\":\"https:\/\/gambero-rosso.eu\/site\/#website\",\"url\":\"https:\/\/gambero-rosso.eu\/site\/\",\"name\":\"Domenico Gambero Rosso\",\"description\":\"Italienisches Restaurant in Eibelstadt\",\"potentialAction\":[{\"@type\":\"SearchAction\",\"target\":{\"@type\":\"EntryPoint\",\"urlTemplate\":\"https:\/\/gambero-rosso.eu\/site\/?s={search_term_string}\"},\"query-input\":\"required name=search_term_string\"}],\"inLanguage\":\"de\"}]}<\/script>\n<!-- \/ Yoast SEO plugin. -->","yoast_head_json":{"title":"Events - Domenico Gambero Rosso","robots":{"index":"index","follow":"follow","max-snippet":"max-snippet:-1","max-image-preview":"max-image-preview:large","max-video-preview":"max-video-preview:-1"},"canonical":"https:\/\/gambero-rosso.eu\/site\/events\/","og_locale":"de_DE","og_type":"article","og_title":"Events - Domenico Gambero Rosso","og_url":"https:\/\/gambero-rosso.eu\/site\/events\/","og_site_name":"Domenico Gambero Rosso","article_modified_time":"2026-04-18T12:55:01+00:00","twitter_card":"summary_large_image","twitter_misc":{"Gesch\u00e4tzte Lesezeit":"2\u00a0Minuten"},"schema":{"@context":"https:\/\/schema.org","@graph":[{"@type":"WebPage","@id":"https:\/\/gambero-rosso.eu\/site\/events\/","url":"https:\/\/gambero-rosso.eu\/site\/events\/","name":"Events - Domenico Gambero Rosso","isPartOf":{"@id":"https:\/\/gambero-rosso.eu\/site\/#website"},"datePublished":"2019-09-12T18:17:56+00:00","dateModified":"2026-04-18T12:55:01+00:00","breadcrumb":{"@id":"https:\/\/gambero-rosso.eu\/site\/events\/#breadcrumb"},"inLanguage":"de","potentialAction":[{"@type":"ReadAction","target":["https:\/\/gambero-rosso.eu\/site\/events\/"]}]},{"@type":"BreadcrumbList","@id":"https:\/\/gambero-rosso.eu\/site\/events\/#breadcrumb","itemListElement":[{"@type":"ListItem","position":1,"name":"Startseite","item":"https:\/\/gambero-rosso.eu\/site\/startseite\/"},{"@type":"ListItem","position":2,"name":"Events"}]},{"@type":"WebSite","@id":"https:\/\/gambero-rosso.eu\/site\/#website","url":"https:\/\/gambero-rosso.eu\/site\/","name":"Domenico Gambero Rosso","description":"Italienisches Restaurant in Eibelstadt","potentialAction":[{"@type":"SearchAction","target":{"@type":"EntryPoint","urlTemplate":"https:\/\/gambero-rosso.eu\/site\/?s={search_term_string}"},"query-input":"required name=search_term_string"}],"inLanguage":"de"}]}},"_links":{"self":[{"href":"https:\/\/gambero-rosso.eu\/site\/wp-json\/wp\/v2\/pages\/130"}],"collection":[{"href":"https:\/\/gambero-rosso.eu\/site\/wp-json\/wp\/v2\/pages"}],"about":[{"href":"https:\/\/gambero-rosso.eu\/site\/wp-json\/wp\/v2\/types\/page"}],"author":[{"embeddable":true,"href":"https:\/\/gambero-rosso.eu\/site\/wp-json\/wp\/v2\/users\/1"}],"replies":[{"embeddable":true,"href":"https:\/\/gambero-rosso.eu\/site\/wp-json\/wp\/v2\/comments?post=130"}],"version-history":[{"count":314,"href":"https:\/\/gambero-rosso.eu\/site\/wp-json\/wp\/v2\/pages\/130\/revisions"}],"predecessor-version":[{"id":3152,"href":"https:\/\/gambero-rosso.eu\/site\/wp-json\/wp\/v2\/pages\/130\/revisions\/3152"}],"wp:attachment":[{"href":"https:\/\/gambero-rosso.eu\/site\/wp-json\/wp\/v2\/media?parent=130"}],"curies":[{"name":"wp","href":"https:\/\/api.w.org\/{rel}","templated":true}]}}